{"id":5010,"date":"2022-03-24T12:03:01","date_gmt":"2022-03-24T11:03:01","guid":{"rendered":"http:\/\/s978368387.mialojamiento.es\/equipo\/"},"modified":"2026-02-25T17:39:16","modified_gmt":"2026-02-25T16:39:16","slug":"our-team","status":"publish","type":"page","link":"https:\/\/policlinicasanjuan.com\/en\/our-team\/","title":{"rendered":"Our team"},"content":{"rendered":"\n\t<section class=\"section\" id=\"section_1810558341\">\n\t\t<div class=\"section-bg fill\" >\n\t\t\t<img decoding=\"async\" width=\"1920\" height=\"1281\" src=\"https:\/\/policlinicasanjuan.com\/wp-content\/uploads\/2022\/09\/general-practitioner-working-on-laptop-2021-09-22-18-32-21-utc.jpg\" class=\"bg attachment-original size-original\" alt=\"\" \/>\t\t\t\t\t\t\n\t\t\t\n\n\t\t<\/div>\n\n\t\t\n\n\t\t<div class=\"section-content relative\">\n\t\t\t\n\t\t<\/div>\n\n\t\t\n<style>\n#section_1810558341 {\n  padding-top: 0px;\n  padding-bottom: 0px;\n  min-height: 400px;\n}\n#section_1810558341 .section-bg img {\n  object-position: 0% 45%;\n}\n<\/style>\n\t<\/section>\n\t\n\n\n\t<section class=\"section\" id=\"section_1370400754\">\n\t\t<div class=\"section-bg fill\" >\n\t\t\t\t\t\t\t\t\t\n\t\t\t\n\n\t\t<\/div>\n\n\t\t\n\n\t\t<div class=\"section-content relative\">\n\t\t\t\n<div class=\"row\"  id=\"row-2132167412\">\n\n\t<div id=\"col-590533297\" class=\"col small-12 large-12\"  >\n\t\t\t\t<div class=\"col-inner\"  >\n\t\t\t\n\t\t\t\n<h2 class=\"services\">Medical Specialties Clinic Team<\/h2>\n\t\t<\/div>\n\t\t\t\t\t<\/div>\n\n\t\n\n\t<div id=\"col-1976389727\" class=\"col small-12 large-12\"  >\n\t\t\t\t<div class=\"col-inner\"  >\n\t\t\t\n\t\t\t\n\t<div id=\"text-2990274170\" class=\"text team-list\">\n\t\t\n\t\t\t<\/div>\n\t\n<p>Camacho Luque, Rosario; Psychology<\/p>\n<p>Claros Garc\u00eda, Jos\u00e9 Mar\u00eda; Podiatry<\/p>\n<p>Marina Rueda Ortiz , Podiatry<\/p>\n<p><a href=\"\/team\/marina-de-la-rua-ruiz\/\">De la R\u00faa Ruiz, Marina<\/a>; Psychology<\/p>\n<p><a href=\"\/team\/jorge-diaz-cabello\/\">D\u00edaz Cabello, Jorge<\/a>; Podiatry<\/p>\n<p><a href=\"\/team\/jaime-garcia-campos\/\">Garc\u00eda Campos, Jaime<\/a>; Allergology<\/p>\n<p><a href=\"\/team\/horacio-giambona-pagano\/\">Giambona, Horacio<\/a>; Radiology<\/p>\n<p>Pablo Mat\u00edas Aguirre,\u00a0Radiology<\/p>\n<p>Dr. Gonz\u00e1lez Cocina, Emilio; Cardiology<\/p>\n<p>Gonz\u00e1lez Gonz\u00e1lez, Dionisio; Nursing<\/p>\n<p>Olga, Nursing<\/p>\n<p>Dra. Gonzalez Porras, Mar\u00eda Teresa; General Medicine<\/p>\n<p><a href=\"\/team\/adolfo-jimenez-garrido\/\">Dr. Jim\u00e9nez Garrido, Adolfo<\/a>; Urology<\/p>\n<p>Dra.Jimenez Rodriguez, Encarnacion; Ophthalmology<\/p>\n<p>Dr. Quintero Mu\u00f1oz, Jose Manuel; General Medicine<\/p>\n<p>Dr. Moreno Garcia, Francisco Javier; General Medicine<\/p>\n<p>Dra. Mu\u00f1oz Valderrama, Esperanza; Family Medicine<\/p>\n<p><a href=\"\/team\/manuel-ortiz-rueda\/\">Dr. Ortiz Rueda, Manuel<\/a>; Otorhinolaryngology<\/p>\n<p>Ortiz Rueda, Monica; Speech Therapy<\/p>\n<p>Dra. Romacho Lopez. Laura; Surgery<\/p>\n<p>Dr. Ruiz Roldan, Manuel; Urology<\/p>\n<p>Dra. Spitaleri, Gabriela; Pediatrics<\/p>\n<hr \/>\n<p>Garc\u00eda, Pilar; Reception<\/p>\n\t\t<\/div>\n\t\t\t\t\t<\/div>\n\n\t\n<\/div>\n\t<div id=\"gap-375043898\" class=\"gap-element clearfix\" style=\"display:block; height:auto;\">\n\t\t\n<style>\n#gap-375043898 {\n  padding-top: 64px;\n}\n<\/style>\n\t<\/div>\n\t\n\t\t<\/div>\n\n\t\t\n<style>\n#section_1370400754 {\n  padding-top: 30px;\n  padding-bottom: 30px;\n  background-color: rgb(247, 247, 247);\n}\n<\/style>\n\t<\/section>\n\t\n\n\t<section class=\"section\" id=\"section_270126544\">\n\t\t<div class=\"section-bg fill\" >\n\t\t\t\t\t\t\t\t\t\n\t\t\t\n\n\t\t<\/div>\n\n\t\t\n\n\t\t<div class=\"section-content relative\">\n\t\t\t\n<div class=\"row\"  id=\"row-1630571348\">\n\n\t<div id=\"col-5409894\" class=\"col small-12 large-12\"  >\n\t\t\t\t<div class=\"col-inner\"  >\n\t\t\t\n\t\t\t\n<h2 class=\"services\">Dental Clinic Team<\/h2>\n\t\t<\/div>\n\t\t\t\t\t<\/div>\n\n\t\n\n\t<div id=\"col-42043211\" class=\"col small-12 large-12\"  >\n\t\t\t\t<div class=\"col-inner\"  >\n\t\t\t\n\t\t\t\n\t<div id=\"text-2303565720\" class=\"text team-list\">\n\t\t\n\t\t\t<\/div>\n\t\n<p>Dr. Ballesi, Maximiliano; Implantology\/Surgery<\/p>\n<p>Barrientos, Jose; Endodontics<\/p>\n<p>Bermudez, Tanya; Dental Assistant<\/p>\n<p>Cabrera, Mart\u00edn; General\/Implantology<\/p>\n<p>Dra. Gregorie Ferriol, Joanna; Maxillofacial Surgery<\/p>\n<p><a href=\"\/team\/carolina-jerez-salgado\/\">Jerez Salgado, Carolina<\/a>; Esthetics\/Prosthodontics\/General<\/p>\n<p>Carolina Rodr\u00edguez, Dental Assistant<\/p>\n<p>Laura Hernalz Rech, Odontologist<\/p>\n<p>Tanmay Mehta Maniar, Orthodontics<\/p>\n<hr \/>\n<p>Herv\u00e1s, Elizabeth; Dental Reception<\/p>\n\t\t<\/div>\n\t\t\t\t\t<\/div>\n\n\t\n<\/div>\n\t<div id=\"gap-1710299554\" class=\"gap-element clearfix\" style=\"display:block; height:auto;\">\n\t\t\n<style>\n#gap-1710299554 {\n  padding-top: 64px;\n}\n<\/style>\n\t<\/div>\n\t\n\t\t<\/div>\n\n\t\t\n<style>\n#section_270126544 {\n  padding-top: 30px;\n  padding-bottom: 30px;\n}\n<\/style>\n\t<\/section>\n\t\n\n\t<section class=\"section\" id=\"section_1078292862\">\n\t\t<div class=\"section-bg fill\" >\n\t\t\t\t\t\t\t\t\t\n\t\t\t\n\n\t\t<\/div>\n\n\t\t\n\n\t\t<div class=\"section-content relative\">\n\t\t\t\n<div class=\"row\"  id=\"row-1587718386\">\n\n\t<div id=\"col-1986179712\" class=\"col small-12 large-12\"  >\n\t\t\t\t<div class=\"col-inner\"  >\n\t\t\t\n\t\t\t\n<h2 class=\"services\">Dermatology and Aesthetic Medicine Clinic Team<\/h2>\n\t\t<\/div>\n\t\t\t\t\t<\/div>\n\n\t\n\n\t<div id=\"col-1565325903\" class=\"col small-12 large-12\"  >\n\t\t\t\t<div class=\"col-inner\"  >\n\t\t\t\n\t\t\t\n\t<div id=\"text-1342394536\" class=\"text team-list\">\n\t\t\n\t\t\t<\/div>\n\t\n<p>Bueno Bermejo, Mar\u00eda; Aesthetics<\/p>\n<p><a href=\"\/team\/adrienn-eva-hajnal\/\">Dra. Hajnal, Adrienn Eva<\/a>; Dermatology<\/p>\n<p>Dr. Spagnuolo Dondero, Rafael; Aesthetic Medicine<\/p>\n<hr \/>\n<p>S\u00e1nchez, Macarena; Administration and Reception<\/p>\n<p>Vera, Loli; Reception<\/p>\n<p>Macarena Sanchez Mu\u00f1oz, Reception<\/p>\n\t\t<\/div>\n\t\t\t\t\t<\/div>\n\n\t\n<\/div>\n\t<div id=\"gap-963173536\" class=\"gap-element clearfix\" style=\"display:block; height:auto;\">\n\t\t\n<style>\n#gap-963173536 {\n  padding-top: 64px;\n}\n<\/style>\n\t<\/div>\n\t\n\t\t<\/div>\n\n\t\t\n<style>\n#section_1078292862 {\n  padding-top: 30px;\n  padding-bottom: 30px;\n  background-color: rgb(247, 247, 247);\n}\n<\/style>\n\t<\/section>\n\t\n<section><div class=\"row\"  id=\"row-6420741\">\n\t<div id=\"col-2045630531\" class=\"col small-12 large-12\"  >\n\t\t\t\t<div class=\"col-inner\"  >\n\t\t\t\n\t\t\t\n<h2 class=\"services\">Traumatology and Physiotherapy Clinic Team<\/h2>\n\t\t<\/div>\n\t\t\t\t\t<\/div>\n\n\t\n\n\t<div id=\"col-1938300425\" class=\"col small-12 large-12\"  >\n\t\t\t\t<div class=\"col-inner\"  >\n\t\t\t\n\t\t\t\n\t<div id=\"text-3033966644\" class=\"text team-list\">\n\t\t\n\t\t\t<\/div>\n\t\n<p>Dra. Carnabucci Araque, Carolina; Traumatology<\/p>\n<p>Garc\u00eda Ser\u00f3n, Juan Jes\u00fas; Physiotherapy<\/p>\n<p>Hengameh Housangi Ghannadi; Physiotherapy<\/p>\n<p>Dr. Sanchez Siles, Juan Manuel; Traumatology<\/p>\n<p><a href=\"\/team\/carmen-tello-gonzalez\/\">Tello Gonz\u00e1lez, Carmen<\/a>; Physiotherapy<\/p>\n<p>Zambrano Vico, Sandra; Rehabilitation<\/p>\n<p>Eva L\u00f3pez Romero, Sports Traumatology<\/p>\n<p>Raquel Fern\u00e1ndez Rodr\u00edguez, Physiotherapy<\/p>\n<p>Francisco Saucedo, Rehabilitation<\/p>\n<hr \/>\n<p>S\u00e1nchez, Macarena; Reception<\/p>\n<p>Nerea Avila Triguero, Reception<\/p>\n\t\t<\/div>\n\t\t\t\t\t<\/div>\n\n\t\n<\/div>\n\t<div id=\"gap-1669533559\" class=\"gap-element clearfix\" style=\"display:block; height:auto;\">\n\t\t\n<style>\n#gap-1669533559 {\n  padding-top: 64px;\n}\n<\/style>\n\t<\/div>\n\t\n\n\t<section class=\"section\" id=\"section_620612412\">\n\t\t<div class=\"section-bg fill\" >\n\t\t\t\t\t\t\t\t\t\n\t\t\t\n\n\t\t<\/div>\n\n\t\t\n\n\t\t<div class=\"section-content relative\">\n\t\t\t\n<div class=\"row\"  id=\"row-1436365128\">\n\n\t<div id=\"col-1815862194\" class=\"col small-12 large-12\"  >\n\t\t\t\t<div class=\"col-inner\"  >\n\t\t\t\n\t\t\t\n<h2 class=\"services\">Administration and Management Team<\/h2>\n\t\t<\/div>\n\t\t\t\t\t<\/div>\n\n\t\n\n\t<div id=\"col-732977380\" class=\"col small-12 large-12\"  >\n\t\t\t\t<div class=\"col-inner\"  >\n\t\t\t\n\t\t\t\n\t<div id=\"text-1443347112\" class=\"text team-list\">\n\t\t\n\t\t\t<\/div>\n\t\n<p>Estampa, Javier; Administration<\/p>\n<p>Ru\u00edz, Sara; Administration<\/p>\n<p>S\u00e1nchez, Paqui; Reception and Driver&#8217;s Medical Center<\/p>\n<p>&nbsp;<\/p>\n\t\t<\/div>\n\t\t\t\t\t<\/div>\n\n\t\n<\/div>\n\t<div id=\"gap-1565011603\" class=\"gap-element clearfix\" style=\"display:block; height:auto;\">\n\t\t\n<style>\n#gap-1565011603 {\n  padding-top: 64px;\n}\n<\/style>\n\t<\/div>\n\t\n\t\t<\/div>\n\n\t\t\n<style>\n#section_620612412 {\n  padding-top: 30px;\n  padding-bottom: 30px;\n  background-color: rgb(247, 247, 247);\n}\n<\/style>\n\t<\/section>\n\t\n<span class=\"scroll-to\" data-label=\"Scroll to: #contact\" data-bullet=\"false\" data-link=\"#contact\" data-title=\"contact\"><a name=\"contact\"><\/a><\/span>\r\n\r\n\n\t<section class=\"section\" id=\"section_563444463\">\n\t\t<div class=\"section-bg fill\" >\n\t\t\t\t\t\t\t\t\t\n\t\t\t\n\n\t\t<\/div>\n\n\t\t\n\n\t\t<div class=\"section-content relative\">\n\t\t\t\r\n\r\n<div class=\"row\"  id=\"row-918543419\">\r\n\r\n\n\t<div id=\"col-1852490552\" class=\"col small-12 large-12\"  >\n\t\t\t\t<div class=\"col-inner\"  >\n\t\t\t\n\t\t\t\r\n\r\n<div class=\"is-divider divider clearfix\" style=\"max-width:80px;height:2px;background-color:rgb(60, 125, 150);\"><\/div>\r\n\r\n\t\t<\/div>\n\t\t\t\t\n<style>\n#col-1852490552 > .col-inner {\n  margin: 0px 0px -30px 0px;\n}\n<\/style>\n\t<\/div>\n\n\t\r\n\n\t<div id=\"col-314229298\" class=\"col medium-6 small-12 large-6\"  >\n\t\t\t\t<div class=\"col-inner\"  >\n\t\t\t\n\t\t\t\r\n\r\n<h3>We Are by Your Side<\/h3>\r\n<p>Are you looking for highly reputed experts, state-of-the-art technology, and the best patient care for your health? Request an <a href=\"https:\/\/policlinicasanjuan.com\/en\/make-an-appointment\/\"><span class=\"notion-enable-hover\" data-token-index=\"1\" data-reactroot=\"\">appointment<\/span><\/a>, come with an insurance card from the <a href=\"https:\/\/policlinicasanjuan.com\/en\/accepted-medical-insurance-plans\/\"><span class=\"notion-enable-hover\" data-token-index=\"3\" data-reactroot=\"\">companies we collaborate with<\/span><\/a>, or <a href=\"https:\/\/policlinicasanjuan.com\/hazte-socio\/\"><span class=\"notion-enable-hover\" data-token-index=\"5\" data-reactroot=\"\">become a member<\/span><\/a>, and discover everything we can do for your health and that of your loved ones. We're waiting for you!<\/p>\r\n<div class=\"row\"  id=\"row-403323567\">\r\n\r\n\n\t<div id=\"col-1035484358\" class=\"col medium-12 small-12 large-6\"  >\n\t\t\t\t<div class=\"col-inner\"  >\n\t\t\t\n\t\t\t\r\n\r\n<div class=\"grid-icon\">\r\n<img decoding=\"async\" src=\"\/wp-content\/uploads\/2022\/03\/location-dot-solid.svg\" alt=\"\" \/><\/p>\r\n<p><a href=\"https:\/\/goo.gl\/maps\/fDxDppLSh1C2\" target=\"_blank\" rel=\"noopener\">Av. del Mediterr\u00e1neo, 20, 29130 Alhaur\u00edn de la Torre, M\u00e1laga<\/a><\/p>\r\n<\/div>\r\n<div class=\"grid-icon\">\r\n<img decoding=\"async\" src=\"\/wp-content\/uploads\/2022\/03\/location-dot-solid.svg\" alt=\"\" \/><\/p>\r\n<p><a href=\"https:\/\/goo.gl\/maps\/fMhQdGfFwPnhyAueA\" target=\"_blank\" rel=\"noopener\">Av. del Mediterr\u00e1neo, 10, 29130 Alhaur\u00edn de la Torre, M\u00e1laga<\/a><\/p>\r\n<\/div>\r\n\r\n\t\t<\/div>\n\t\t\t\t\t<\/div>\n\n\t\r\n\n\t<div id=\"col-2002528282\" class=\"col medium-12 small-12 large-6\"  >\n\t\t\t\t<div class=\"col-inner\"  >\n\t\t\t\n\t\t\t\r\n\r\n<div class=\"grid-icon\">\r\n<img decoding=\"async\" src=\"\/wp-content\/uploads\/2022\/03\/phone-solid.svg\" alt=\"\"\/><\/p>\r\n<p><a href=\"tel:+34682080812\" target=\"_blank\" rel=\"noopener\">+34 682 080 812<\/a><\/p>\r\n<\/div>\r\n<div class=\"grid-icon\">\r\n<img decoding=\"async\" src=\"\/wp-content\/uploads\/2022\/03\/whatsapp-brands.svg\" alt=\"\"\/><\/p>\r\n<p><a href=\"https:\/\/api.whatsapp.com\/send?phone=34682080812&amp;text=Solicitud%20de%20cita%20desde%20la%20web:\" target=\"_blank\" rel=\"noopener\">+34 682 080 812<\/a><\/p>\r\n<\/div>\r\n\r\n\r\n\t\t<\/div>\n\t\t\t\t\t<\/div>\n\n\t\r\n\r\n<\/div>\r\n\r\n\t\t<\/div>\n\t\t\t\t\n<style>\n#col-314229298 > .col-inner {\n  margin: 0px 0px 30px 0px;\n}\n<\/style>\n\t<\/div>\n\n\t\r\n\n\t<div id=\"col-1400345295\" class=\"col form-color medium-6 small-12 large-6\"  >\n\t\t\t\t<div class=\"col-inner\" style=\"background-color:rgb(186, 213, 221);\" >\n\t\t\t\n\t\t\t\r\n\r\n<h3>Request Information<\/h3>\r\n\r\n\n<div class=\"wpcf7 no-js\" id=\"wpcf7-f8-o1\" lang=\"es-ES\" dir=\"ltr\" data-wpcf7-id=\"8\">\n<div class=\"screen-reader-response\"><p role=\"status\" aria-live=\"polite\" aria-atomic=\"true\"><\/p> <ul><\/ul><\/div>\n<form action=\"\/en\/wp-json\/wp\/v2\/pages\/5010#wpcf7-f8-o1\" method=\"post\" class=\"wpcf7-form init\" aria-label=\"Formulario de contacto\" novalidate=\"novalidate\" data-status=\"init\">\n<fieldset class=\"hidden-fields-container\"><input type=\"hidden\" name=\"_wpcf7\" value=\"8\" \/><input type=\"hidden\" name=\"_wpcf7_version\" value=\"6.1.5\" \/><input type=\"hidden\" name=\"_wpcf7_locale\" value=\"es_ES\" \/><input type=\"hidden\" name=\"_wpcf7_unit_tag\" value=\"wpcf7-f8-o1\" \/><input type=\"hidden\" name=\"_wpcf7_container_post\" value=\"0\" \/><input type=\"hidden\" name=\"_wpcf7_posted_data_hash\" value=\"\" \/><input type=\"hidden\" name=\"_wpcf7_recaptcha_response\" value=\"\" \/>\n<\/fieldset>\n<div class=\"grid-2\">\n\t<div>\n\t\t<p><label> Nombre<br \/>\n<span class=\"wpcf7-form-control-wrap\" data-name=\"your-name\"><input size=\"40\" maxlength=\"400\" class=\"wpcf7-form-control wpcf7-text wpcf7-validates-as-required\" aria-required=\"true\" aria-invalid=\"false\" value=\"\" type=\"text\" name=\"your-name\" \/><\/span> <\/label>\n\t\t<\/p>\n\t<\/div>\n\t<div>\n\t\t<p><label> Tel\u00e9fono<br \/>\n<span class=\"wpcf7-form-control-wrap\" data-name=\"tel-402\"><input size=\"40\" maxlength=\"400\" class=\"wpcf7-form-control wpcf7-tel wpcf7-validates-as-required wpcf7-text wpcf7-validates-as-tel\" aria-required=\"true\" aria-invalid=\"false\" value=\"\" type=\"tel\" name=\"tel-402\" \/><\/span> <\/label>\n\t\t<\/p>\n\t<\/div>\n<\/div>\n<p><label> Correo electr\u00f3nico<br \/>\n<span class=\"wpcf7-form-control-wrap\" data-name=\"your-email\"><input size=\"40\" maxlength=\"400\" class=\"wpcf7-form-control wpcf7-email wpcf7-validates-as-required wpcf7-text wpcf7-validates-as-email\" aria-required=\"true\" aria-invalid=\"false\" value=\"\" type=\"email\" name=\"your-email\" \/><\/span> <\/label>\n<\/p>\n<p><label> Sobre qu\u00e9 es tu consulta<br \/>\n<span class=\"wpcf7-form-control-wrap\" data-name=\"consulta\"><select class=\"wpcf7-form-control wpcf7-select wpcf7-validates-as-required\" aria-required=\"true\" aria-invalid=\"false\" name=\"consulta\"><option value=\"Cl\u00ednica de Especialidades M\u00e9dicas\">Cl\u00ednica de Especialidades M\u00e9dicas<\/option><option value=\"Cl\u00ednica Dental\">Cl\u00ednica Dental<\/option><option value=\"Cl\u00ednica de Traumatolog\u00eda y Fisioterapia\">Cl\u00ednica de Traumatolog\u00eda y Fisioterapia<\/option><option value=\"Cl\u00ednica de Dermatolog\u00eda y Medicina Est\u00e9tica\">Cl\u00ednica de Dermatolog\u00eda y Medicina Est\u00e9tica<\/option><option value=\"Otra\">Otra<\/option><\/select><\/span> <\/label>\n<\/p>\n<p><label> Mensaje<br \/>\n<span class=\"wpcf7-form-control-wrap\" data-name=\"your-message\"><textarea cols=\"40\" rows=\"10\" maxlength=\"2000\" class=\"wpcf7-form-control wpcf7-textarea\" aria-invalid=\"false\" name=\"your-message\"><\/textarea><\/span> <\/label><br \/>\n<span class=\"wpcf7-form-control-wrap\" data-name=\"acceptance-207\"><span class=\"wpcf7-form-control wpcf7-acceptance\"><span class=\"wpcf7-list-item\"><label><input type=\"checkbox\" name=\"acceptance-207\" value=\"1\" aria-invalid=\"false\" \/><span class=\"wpcf7-list-item-label\">He le\u00eddo y acepto la informaci\u00f3n sobre protecci\u00f3n de datos seg\u00fan el REGLAMENTO (UE) 2016\/679 DEL PARLAMENTO EUROPEO Y DEL CONSEJO de 27 de abril de 2016 relativo a la protecci\u00f3n de las personas f\u00edsicas en lo que respecta al tratamiento de datos personales y a la libre circulaci\u00f3n de estos datos: Sus datos son utilizados para gestionar las consultas que se realizan a trav\u00e9s de nuestra web mediante sus tratamiento como \"Formulario Web\". La base legal para el tratamiento de su datos es su consentimiento a trav\u00e9s de la aceptaci\u00f3n del checkbox. No se ceder\u00e1n datos a terceros, salvo obligaci\u00f3n legal. Podr\u00e1 acceder, rectifcar y suprimir los datos as\u00ed como otros derechos,tal y como se explica en la informaci\u00f3n adicional. La informaci\u00f3n adicional la encontrar\u00e1 en el AVISO LEGAL de nuestra p\u00e1gina web.<\/span><\/label><\/span><\/span><\/span>\n<\/p>\n<p><input class=\"wpcf7-form-control wpcf7-submit has-spinner\" type=\"submit\" value=\"Solicita informaci\u00f3n\" \/>\n<\/p><input type='hidden' class='wpcf7-pum' value='{\"closepopup\":false,\"closedelay\":0,\"openpopup\":false,\"openpopup_id\":0}' \/><div class=\"wpcf7-response-output\" aria-hidden=\"true\"><\/div>\n<\/form>\n<\/div>\n\r\n\r\n\t\t<\/div>\n\t\t\t\t\n<style>\n#col-1400345295 > .col-inner {\n  padding: 30px 15px 30px 15px;\n  margin: -30px 0px 0px 0px;\n}\n@media (min-width:550px) {\n  #col-1400345295 > .col-inner {\n    padding: 30px 30px 30px 30px;\n  }\n}\n<\/style>\n\t<\/div>\n\n\t\r\n\r\n<\/div>\r\n\r\n\t\t<\/div>\n\n\t\t\n<style>\n#section_563444463 {\n  padding-top: 100px;\n  padding-bottom: 100px;\n}\n<\/style>\n\t<\/section>\n\t\r\n\n<\/section>\n","protected":false},"excerpt":{"rendered":"","protected":false},"author":4,"featured_media":0,"parent":0,"menu_order":0,"comment_status":"closed","ping_status":"closed","template":"page-blank.php","meta":{"inline_featured_image":false,"footnotes":""},"class_list":["post-5010","page","type-page","status-publish","hentry"],"_links":{"self":[{"href":"https:\/\/policlinicasanjuan.com\/en\/wp-json\/wp\/v2\/pages\/5010","targetHints":{"allow":["GET"]}}],"collection":[{"href":"https:\/\/policlinicasanjuan.com\/en\/wp-json\/wp\/v2\/pages"}],"about":[{"href":"https:\/\/policlinicasanjuan.com\/en\/wp-json\/wp\/v2\/types\/page"}],"author":[{"embeddable":true,"href":"https:\/\/policlinicasanjuan.com\/en\/wp-json\/wp\/v2\/users\/4"}],"replies":[{"embeddable":true,"href":"https:\/\/policlinicasanjuan.com\/en\/wp-json\/wp\/v2\/comments?post=5010"}],"version-history":[{"count":10,"href":"https:\/\/policlinicasanjuan.com\/en\/wp-json\/wp\/v2\/pages\/5010\/revisions"}],"predecessor-version":[{"id":5680,"href":"https:\/\/policlinicasanjuan.com\/en\/wp-json\/wp\/v2\/pages\/5010\/revisions\/5680"}],"wp:attachment":[{"href":"https:\/\/policlinicasanjuan.com\/en\/wp-json\/wp\/v2\/media?parent=5010"}],"curies":[{"name":"wp","href":"https:\/\/api.w.org\/{rel}","templated":true}]}}