{"id":5021,"date":"2022-03-10T13:46:45","date_gmt":"2022-03-10T12:46:45","guid":{"rendered":"http:\/\/s978368387.mialojamiento.es\/fisioterapia-alhaurin\/"},"modified":"2023-10-12T14:04:38","modified_gmt":"2023-10-12T12:04:38","slug":"traumatology-and-physiotherapy-clinic","status":"publish","type":"page","link":"https:\/\/policlinicasanjuan.com\/en\/traumatology-and-physiotherapy-clinic\/","title":{"rendered":"Traumatology and Physiotherapy Clinic"},"content":{"rendered":"  <div id=\"page-header-1298630023\" class=\"page-header-wrapper\">\n  <div class=\"page-title dark featured-title\">\n\n    \n    <div class=\"page-title-inner container align-center flex-row medium-flex-wrap\" >\n              <div class=\"title-wrapper flex-col text-left medium-text-center\">\n          <h1 class=\"entry-title mb-0\">\n            Traumatology and Physiotherapy Clinic          <\/h1>\n        <\/div>\n                    <div class=\"title-content flex-col flex-right text-right medium-text-center\">\n        <div class=\"title-breadcrumbs pb-half pt-half\"><\/div>      <\/div>\n    <\/div>\n\n       <\/div>\n    <\/div>\n  \n\n\t<section class=\"section has-parallax\" id=\"section_810302744\">\n\t\t<div class=\"section-bg fill\" data-parallax-container=\".section\" data-parallax-background data-parallax=\"-8\">\n\t\t\t<img decoding=\"async\" width=\"2000\" height=\"1035\" src=\"https:\/\/policlinicasanjuan.com\/wp-content\/uploads\/2023\/03\/Policlinica-San-Juan-Instalaciones-fisioterapia_1.jpg\" class=\"bg attachment-2048x2048 size-2048x2048\" alt=\"\" \/>\t\t\t\t\t\t\n\t\t\t\n\n\t\t<\/div>\n\n\t\t\n\n\t\t<div class=\"section-content relative\">\n\t\t\t\n\t\t<\/div>\n\n\t\t\n<style>\n#section_810302744 {\n  padding-top: 0px;\n  padding-bottom: 0px;\n  min-height: 400px;\n}\n#section_810302744 .section-bg img {\n  object-position: 15%;\n}\n<\/style>\n\t<\/section>\n\t\n\n\t<section class=\"section\" id=\"section_1764748403\">\n\t\t<div class=\"section-bg fill\" >\n\t\t\t\t\t\t\t\t\t\n\t\t\t\n\n\t\t<\/div>\n\n\t\t\n\n\t\t<div class=\"section-content relative\">\n\t\t\t\n<div class=\"row align-middle\"  id=\"row-704660850\">\n\n\t<div id=\"col-851633361\" class=\"col small-12 large-12\"  >\n\t\t\t\t<div class=\"col-inner\"  >\n\t\t\t\n\t\t\t\n<p>At Grupo San Juan, we have a Traumatology and Physiotherapy clinic in Alhaur\u00edn de la Torre dedicated to the functional recovery of our patients.<\/p>\n<p>Our philosophy is to approach the rehabilitation of our patients from both Medicine and Physiotherapy, <strong>innovatively combining Traumatology with advanced Physiotherapy<\/strong>. Additionally, having another Medical Specialties Clinic in Alhaur\u00edn de la Torre allows us to access other healthcare specialties such as Orthopedic Surgery or Podiatry. This way, we <strong>ensure that our patients recover quickly and safely<\/strong> from any ailment.<\/p>\n\t\t<\/div>\n\t\t\t\t\t<\/div>\n\n\t\n<\/div>\n\t\t<\/div>\n\n\t\t\n<style>\n#section_1764748403 {\n  padding-top: 25px;\n  padding-bottom: 25px;\n}\n@media (min-width:550px) {\n  #section_1764748403 {\n    padding-top: 50px;\n    padding-bottom: 50px;\n  }\n}\n<\/style>\n\t<\/section>\n\t\n\n\t<section class=\"section grid-services\" id=\"section_844160772\">\n\t\t<div class=\"section-bg fill\" >\n\t\t\t\t\t\t\t\t\t\n\t\t\t\n\n\t\t<\/div>\n\n\t\t\n\n\t\t<div class=\"section-content relative\">\n\t\t\t\n<div class=\"row\"  id=\"row-1246940278\">\n\n\t<div id=\"col-1900820001\" class=\"col small-12 large-12\"  >\n\t\t\t\t<div class=\"col-inner\"  >\n\t\t\t\n\t\t\t\n\t<div id=\"text-298197406\" class=\"text\">\n\t\t\n<h2 class=\"text-decoration\">How can we assist you?<\/h2>\n\t\t\n<style>\n#text-298197406 {\n  text-align: center;\n}\n<\/style>\n\t<\/div>\n\t\n\t\t<\/div>\n\t\t\t\t\n<style>\n#col-1900820001 > .col-inner {\n  margin: 10px 0px 0px 0px;\n}\n@media (min-width:550px) {\n  #col-1900820001 > .col-inner {\n    margin: 0px 0px 0px 0px;\n  }\n}\n<\/style>\n\t<\/div>\n\n\t\n<\/div>\n<div class=\"row row-collapse align-equal service-box\"  id=\"row-1039806721\">\n\n\t<div id=\"col-393140492\" class=\"col medium-3 small-12 large-3\"  >\n\t\t\t\t<div class=\"col-inner\"  >\n\t\t\t\n\t\t\t\n\t<div class=\"img has-hover x md-x lg-x y md-y lg-y\" id=\"image_1931599952\">\n\t\t\t\t\t\t\t\t<div class=\"img-inner image-cover dark\" style=\"padding-top:100%;\">\n\t\t\t<img decoding=\"async\" width=\"1020\" height=\"680\" src=\"https:\/\/policlinicasanjuan.com\/wp-content\/uploads\/2022\/06\/traumatologia-grupo-san-juan-1024x683.jpg\" class=\"attachment-large size-large\" alt=\"\" srcset=\"https:\/\/policlinicasanjuan.com\/wp-content\/uploads\/2022\/06\/traumatologia-grupo-san-juan-1024x683.jpg 1024w, https:\/\/policlinicasanjuan.com\/wp-content\/uploads\/2022\/06\/traumatologia-grupo-san-juan-300x200.jpg 300w, https:\/\/policlinicasanjuan.com\/wp-content\/uploads\/2022\/06\/traumatologia-grupo-san-juan-768x512.jpg 768w, https:\/\/policlinicasanjuan.com\/wp-content\/uploads\/2022\/06\/traumatologia-grupo-san-juan-1536x1024.jpg 1536w, https:\/\/policlinicasanjuan.com\/wp-content\/uploads\/2022\/06\/traumatologia-grupo-san-juan.jpg 1920w\" sizes=\"(max-width: 1020px) 100vw, 1020px\" \/>\t\t\t\t\t\t\n\t\t\t\t\t<\/div>\n\t\t\t\t\t\t\t\t\n<style>\n#image_1931599952 {\n  width: 100%;\n}\n<\/style>\n\t<\/div>\n\t\n\t\t<\/div>\n\t\t\t\t\t<\/div>\n\n\t\n\n\t<div id=\"col-1665911332\" class=\"col medium-9 small-12 large-9\"  >\n\t\t\t\t<div class=\"col-inner\" style=\"background-color:rgb(231, 231, 231);\" >\n\t\t\t\n\t\t\t\n<h4 class=\"text-decoration\"><a href=\"https:\/\/policlinicasanjuan.com\/fisioterapia-alhaurin\/traumatologia\/\">Traumatology<\/a><\/h4>\n<p>Traumatology is the branch of medicine that <strong>diagnoses, treats, and prevents injuries to the musculoskeletal system<\/strong>: fractures, tendinitis, fibrillar ruptures, moderate to advanced arthritis, joint pain, etc.<\/p>\n<a href=\"\/fisioterapia-alhaurin\/traumatologia\/\" class=\"button primary is-outline\" >\n\t\t<span>SEE MORE<\/span>\n\t<\/a>\n\n\t\t<\/div>\n\t\t\t\t\n<style>\n#col-1665911332 > .col-inner {\n  padding: 26px 26px 26px 26px;\n}\n<\/style>\n\t<\/div>\n\n\t\n<\/div>\n<div class=\"row row-collapse align-equal service-box\"  id=\"row-39166865\">\n\n\t<div id=\"col-1183186439\" class=\"col medium-3 small-12 large-3\"  >\n\t\t\t\t<div class=\"col-inner\"  >\n\t\t\t\n\t\t\t\n\t<div class=\"img has-hover x md-x lg-x y md-y lg-y\" id=\"image_491271267\">\n\t\t\t\t\t\t\t\t<div class=\"img-inner image-cover dark\" style=\"padding-top:100%;\">\n\t\t\t<img decoding=\"async\" width=\"1020\" height=\"680\" src=\"https:\/\/policlinicasanjuan.com\/wp-content\/uploads\/2022\/08\/physiotherapist-massaging-hand-of-a-female-patient-2021-08-28-17-17-57-utc-1024x683.jpg\" class=\"attachment-large size-large\" alt=\"\" srcset=\"https:\/\/policlinicasanjuan.com\/wp-content\/uploads\/2022\/08\/physiotherapist-massaging-hand-of-a-female-patient-2021-08-28-17-17-57-utc-1024x683.jpg 1024w, https:\/\/policlinicasanjuan.com\/wp-content\/uploads\/2022\/08\/physiotherapist-massaging-hand-of-a-female-patient-2021-08-28-17-17-57-utc-300x200.jpg 300w, https:\/\/policlinicasanjuan.com\/wp-content\/uploads\/2022\/08\/physiotherapist-massaging-hand-of-a-female-patient-2021-08-28-17-17-57-utc-768x512.jpg 768w, https:\/\/policlinicasanjuan.com\/wp-content\/uploads\/2022\/08\/physiotherapist-massaging-hand-of-a-female-patient-2021-08-28-17-17-57-utc-1536x1024.jpg 1536w, https:\/\/policlinicasanjuan.com\/wp-content\/uploads\/2022\/08\/physiotherapist-massaging-hand-of-a-female-patient-2021-08-28-17-17-57-utc.jpg 1920w\" sizes=\"(max-width: 1020px) 100vw, 1020px\" \/>\t\t\t\t\t\t\n\t\t\t\t\t<\/div>\n\t\t\t\t\t\t\t\t\n<style>\n#image_491271267 {\n  width: 100%;\n}\n<\/style>\n\t<\/div>\n\t\n\t\t<\/div>\n\t\t\t\t\t<\/div>\n\n\t\n\n\t<div id=\"col-1406298798\" class=\"col medium-9 small-12 large-9\"  >\n\t\t\t\t<div class=\"col-inner\" style=\"background-color:rgb(231, 231, 231);\" >\n\t\t\t\n\t\t\t\n<h4 class=\"text-decoration\"><a href=\"https:\/\/policlinicasanjuan.com\/fisioterapia-alhaurin\/fisioterapia\/\">Physiotherapy<\/a><\/h4>\n<p>Physiotherapy is a healthcare specialty focused on <strong>assessing, diagnosing, preventing, and treating pain or dysfunctions<\/strong> resulting from an accident or illness. This can involve both manual and instrumental methods and techniques.<\/p>\n<a href=\"\/fisioterapia-alhaurin\/fisioterapia\/\" class=\"button primary is-outline\" >\n\t\t<span>SEE MORE<\/span>\n\t<\/a>\n\n\t\t<\/div>\n\t\t\t\t\n<style>\n#col-1406298798 > .col-inner {\n  padding: 26px 26px 26px 26px;\n}\n<\/style>\n\t<\/div>\n\n\t\n<\/div>\n<div class=\"row row-collapse align-equal service-box\"  id=\"row-1698809768\">\n\n\t<div id=\"col-986791241\" class=\"col medium-3 small-12 large-3\"  >\n\t\t\t\t<div class=\"col-inner\"  >\n\t\t\t\n\t\t\t\n\t<div class=\"img has-hover x md-x lg-x y md-y lg-y\" id=\"image_598969126\">\n\t\t\t\t\t\t\t\t<div class=\"img-inner image-cover dark\" style=\"padding-top:100%;\">\n\t\t\t<img decoding=\"async\" width=\"1020\" height=\"680\" src=\"https:\/\/policlinicasanjuan.com\/wp-content\/uploads\/2022\/06\/unidad-trafico-grupo-san-juan-1024x683.jpg\" class=\"attachment-large size-large\" alt=\"\" srcset=\"https:\/\/policlinicasanjuan.com\/wp-content\/uploads\/2022\/06\/unidad-trafico-grupo-san-juan-1024x683.jpg 1024w, https:\/\/policlinicasanjuan.com\/wp-content\/uploads\/2022\/06\/unidad-trafico-grupo-san-juan-300x200.jpg 300w, https:\/\/policlinicasanjuan.com\/wp-content\/uploads\/2022\/06\/unidad-trafico-grupo-san-juan-768x512.jpg 768w, https:\/\/policlinicasanjuan.com\/wp-content\/uploads\/2022\/06\/unidad-trafico-grupo-san-juan-1536x1025.jpg 1536w, https:\/\/policlinicasanjuan.com\/wp-content\/uploads\/2022\/06\/unidad-trafico-grupo-san-juan.jpg 1920w\" sizes=\"(max-width: 1020px) 100vw, 1020px\" \/>\t\t\t\t\t\t\n\t\t\t\t\t<\/div>\n\t\t\t\t\t\t\t\t\n<style>\n#image_598969126 {\n  width: 100%;\n}\n<\/style>\n\t<\/div>\n\t\n\t\t<\/div>\n\t\t\t\t\t<\/div>\n\n\t\n\n\t<div id=\"col-138553249\" class=\"col medium-9 small-12 large-9\"  >\n\t\t\t\t<div class=\"col-inner\" style=\"background-color:rgb(231, 231, 231);\" >\n\t\t\t\n\t\t\t\n<h4 class=\"text-decoration\"><a href=\"https:\/\/policlinicasanjuan.com\/fisioterapia-alhaurin\/unidad-de-trafico-alhaurin\/\">Traffic Unit<\/a><\/h4>\n<p>Have you been in a traffic accident as a driver, passenger, or pedestrian? We offer the best healthcare assistance for complete rehabilitation, thanks to a multidisciplinary team and quick access to services such as X-rays or ultrasounds.<\/p>\n<a href=\"\/fisioterapia-alhaurin\/unidad-de-trafico-alhaurin\/\" class=\"button primary is-outline\" >\n\t\t<span>SEE MORE<\/span>\n\t<\/a>\n\n\t\t<\/div>\n\t\t\t\t\n<style>\n#col-138553249 > .col-inner {\n  padding: 26px 26px 26px 26px;\n}\n<\/style>\n\t<\/div>\n\n\t\n<\/div>\n\t\t<\/div>\n\n\t\t\n<style>\n#section_844160772 {\n  padding-top: 0px;\n  padding-bottom: 0px;\n}\n@media (min-width:550px) {\n  #section_844160772 {\n    padding-top: 25px;\n    padding-bottom: 25px;\n  }\n}\n@media (min-width:850px) {\n  #section_844160772 {\n    padding-top: 25px;\n    padding-bottom: 25px;\n  }\n}\n<\/style>\n\t<\/section>\n\t\n\t<div id=\"gap-1581800163\" class=\"gap-element clearfix\" style=\"display:block; height:auto;\">\n\t\t\n<style>\n#gap-1581800163 {\n  padding-top: 10px;\n}\n@media (min-width:550px) {\n  #gap-1581800163 {\n    padding-top: 20px;\n  }\n}\n@media (min-width:850px) {\n  #gap-1581800163 {\n    padding-top: 20px;\n  }\n}\n<\/style>\n\t<\/div>\n\t\n\n\t<section class=\"section\" id=\"section_978349897\">\n\t\t<div class=\"section-bg fill\" >\n\t\t\t\t\t\t\t\t\t\n\t\t\t\n\n\t\t<\/div>\n\n\t\t\n\n\t\t<div class=\"section-content relative\">\n\t\t\t\r\n\r\n<div class=\"row align-center\"  id=\"row-1167553753\">\r\n\r\n\n\t<div id=\"col-2088245405\" class=\"col medium-9 small-12 large-9\"  >\n\t\t\t\t<div class=\"col-inner\"  >\n\t\t\t\n\t\t\t\r\n\r\n\t<div id=\"text-537585720\" class=\"text\">\n\t\t\r\n\r\n<p class=\"lead\">Avoid unnecessary waits: Schedule an appointment with your specialist or ask us your questions by sending a WhatsApp message to <a href=\"https:\/\/api.whatsapp.com\/send?phone=+34608714023\" target=\"_blank\" rel=\"noopener\">+34 608 714 023<\/a> or sending an email to <a href=\"mailto:rehabilitacion@policlinicasanjuan.com\">rehabilitacion@policlinicasanjuan.com<\/a>!<\/p>\r\n\t\t\n<style>\n#text-537585720 {\n  text-align: center;\n}\n<\/style>\n\t<\/div>\n\t\r\n\r\n\t\t<\/div>\n\t\t\t\t\n<style>\n#col-2088245405 > .col-inner {\n  padding: 0px 12px 0px 12px;\n  margin: 0px 0px -30px 0px;\n}\n<\/style>\n\t<\/div>\n\n\t\r\n\r\n<\/div>\r\n\r\n\t\t<\/div>\n\n\t\t\n<style>\n#section_978349897 {\n  padding-top: 25px;\n  padding-bottom: 25px;\n  background-color: rgb(247, 247, 247);\n}\n@media (min-width:550px) {\n  #section_978349897 {\n    padding-top: 25px;\n    padding-bottom: 25px;\n  }\n}\n@media (min-width:850px) {\n  #section_978349897 {\n    padding-top: 50px;\n    padding-bottom: 50px;\n  }\n}\n<\/style>\n\t<\/section>\n\t\r\n\n<span class=\"scroll-to\" data-label=\"Scroll to: #contact\" data-bullet=\"false\" data-link=\"#contact\" data-title=\"contact\"><a name=\"contact\"><\/a><\/span>\r\n\r\n\n\t<section class=\"section\" id=\"section_1774657570\">\n\t\t<div class=\"section-bg fill\" >\n\t\t\t\t\t\t\t\t\t\n\t\t\t\n\n\t\t<\/div>\n\n\t\t\n\n\t\t<div class=\"section-content relative\">\n\t\t\t\r\n\r\n<div class=\"row\"  id=\"row-1549425203\">\r\n\r\n\n\t<div id=\"col-123382266\" class=\"col small-12 large-12\"  >\n\t\t\t\t<div class=\"col-inner\"  >\n\t\t\t\n\t\t\t\r\n\r\n<div class=\"is-divider divider clearfix\" style=\"max-width:80px;height:2px;background-color:rgb(60, 125, 150);\"><\/div>\r\n\r\n\t\t<\/div>\n\t\t\t\t\n<style>\n#col-123382266 > .col-inner {\n  margin: 0px 0px -30px 0px;\n}\n<\/style>\n\t<\/div>\n\n\t\r\n\n\t<div id=\"col-4594451\" class=\"col medium-6 small-12 large-6\"  >\n\t\t\t\t<div class=\"col-inner\"  >\n\t\t\t\n\t\t\t\r\n\r\n<h3>We Are by Your Side<\/h3>\r\n<p>Are you looking for highly reputed experts, state-of-the-art technology, and the best patient care for your health? Request an <a href=\"https:\/\/policlinicasanjuan.com\/en\/make-an-appointment\/\"><span class=\"notion-enable-hover\" data-token-index=\"1\" data-reactroot=\"\">appointment<\/span><\/a>, come with an insurance card from the <a href=\"https:\/\/policlinicasanjuan.com\/en\/accepted-medical-insurance-plans\/\"><span class=\"notion-enable-hover\" data-token-index=\"3\" data-reactroot=\"\">companies we collaborate with<\/span><\/a>, or <a href=\"https:\/\/policlinicasanjuan.com\/hazte-socio\/\"><span class=\"notion-enable-hover\" data-token-index=\"5\" data-reactroot=\"\">become a member<\/span><\/a>, and discover everything we can do for your health and that of your loved ones. We're waiting for you!<\/p>\r\n<div class=\"row\"  id=\"row-227997363\">\r\n\r\n\n\t<div id=\"col-436857888\" class=\"col medium-12 small-12 large-6\"  >\n\t\t\t\t<div class=\"col-inner\"  >\n\t\t\t\n\t\t\t\r\n\r\n<div class=\"grid-icon\">\r\n<img decoding=\"async\" src=\"\/wp-content\/uploads\/2022\/03\/location-dot-solid.svg\" alt=\"\" \/><\/p>\r\n<p><a href=\"https:\/\/goo.gl\/maps\/fDxDppLSh1C2\" target=\"_blank\" rel=\"noopener\">Av. del Mediterr\u00e1neo, 20, 29130 Alhaur\u00edn de la Torre, M\u00e1laga<\/a><\/p>\r\n<\/div>\r\n<div class=\"grid-icon\">\r\n<img decoding=\"async\" src=\"\/wp-content\/uploads\/2022\/03\/location-dot-solid.svg\" alt=\"\" \/><\/p>\r\n<p><a href=\"https:\/\/goo.gl\/maps\/fMhQdGfFwPnhyAueA\" target=\"_blank\" rel=\"noopener\">Av. del Mediterr\u00e1neo, 10, 29130 Alhaur\u00edn de la Torre, M\u00e1laga<\/a><\/p>\r\n<\/div>\r\n\r\n\t\t<\/div>\n\t\t\t\t\t<\/div>\n\n\t\r\n\n\t<div id=\"col-1786439649\" class=\"col medium-12 small-12 large-6\"  >\n\t\t\t\t<div class=\"col-inner\"  >\n\t\t\t\n\t\t\t\r\n\r\n<div class=\"grid-icon\">\r\n<img decoding=\"async\" src=\"\/wp-content\/uploads\/2022\/03\/phone-solid.svg\" alt=\"\"\/><\/p>\r\n<p><a href=\"tel:+34682080812\" target=\"_blank\" rel=\"noopener\">+34 682 080 812<\/a><\/p>\r\n<\/div>\r\n<div class=\"grid-icon\">\r\n<img decoding=\"async\" src=\"\/wp-content\/uploads\/2022\/03\/whatsapp-brands.svg\" alt=\"\"\/><\/p>\r\n<p><a href=\"https:\/\/api.whatsapp.com\/send?phone=34682080812&amp;text=Solicitud%20de%20cita%20desde%20la%20web:\" target=\"_blank\" rel=\"noopener\">+34 682 080 812<\/a><\/p>\r\n<\/div>\r\n\r\n\r\n\t\t<\/div>\n\t\t\t\t\t<\/div>\n\n\t\r\n\r\n<\/div>\r\n\r\n\t\t<\/div>\n\t\t\t\t\n<style>\n#col-4594451 > .col-inner {\n  margin: 0px 0px 30px 0px;\n}\n<\/style>\n\t<\/div>\n\n\t\r\n\n\t<div id=\"col-1800935814\" class=\"col form-color medium-6 small-12 large-6\"  >\n\t\t\t\t<div class=\"col-inner\" style=\"background-color:rgb(186, 213, 221);\" >\n\t\t\t\n\t\t\t\r\n\r\n<h3>Request Information<\/h3>\r\n\r\n\n<div class=\"wpcf7 no-js\" id=\"wpcf7-f8-o1\" lang=\"es-ES\" dir=\"ltr\" data-wpcf7-id=\"8\">\n<div class=\"screen-reader-response\"><p role=\"status\" aria-live=\"polite\" aria-atomic=\"true\"><\/p> <ul><\/ul><\/div>\n<form action=\"\/en\/wp-json\/wp\/v2\/pages\/5021#wpcf7-f8-o1\" method=\"post\" class=\"wpcf7-form init\" aria-label=\"Formulario de contacto\" novalidate=\"novalidate\" data-status=\"init\">\n<fieldset class=\"hidden-fields-container\"><input type=\"hidden\" name=\"_wpcf7\" value=\"8\" \/><input type=\"hidden\" name=\"_wpcf7_version\" value=\"6.1.5\" \/><input type=\"hidden\" name=\"_wpcf7_locale\" value=\"es_ES\" \/><input type=\"hidden\" name=\"_wpcf7_unit_tag\" value=\"wpcf7-f8-o1\" \/><input type=\"hidden\" name=\"_wpcf7_container_post\" value=\"0\" \/><input type=\"hidden\" name=\"_wpcf7_posted_data_hash\" value=\"\" \/><input type=\"hidden\" name=\"_wpcf7_recaptcha_response\" value=\"\" \/>\n<\/fieldset>\n<div class=\"grid-2\">\n\t<div>\n\t\t<p><label> Nombre<br \/>\n<span class=\"wpcf7-form-control-wrap\" data-name=\"your-name\"><input size=\"40\" maxlength=\"400\" class=\"wpcf7-form-control wpcf7-text wpcf7-validates-as-required\" aria-required=\"true\" aria-invalid=\"false\" value=\"\" type=\"text\" name=\"your-name\" \/><\/span> <\/label>\n\t\t<\/p>\n\t<\/div>\n\t<div>\n\t\t<p><label> Tel\u00e9fono<br \/>\n<span class=\"wpcf7-form-control-wrap\" data-name=\"tel-402\"><input size=\"40\" maxlength=\"400\" class=\"wpcf7-form-control wpcf7-tel wpcf7-validates-as-required wpcf7-text wpcf7-validates-as-tel\" aria-required=\"true\" aria-invalid=\"false\" value=\"\" type=\"tel\" name=\"tel-402\" \/><\/span> <\/label>\n\t\t<\/p>\n\t<\/div>\n<\/div>\n<p><label> Correo electr\u00f3nico<br \/>\n<span class=\"wpcf7-form-control-wrap\" data-name=\"your-email\"><input size=\"40\" maxlength=\"400\" class=\"wpcf7-form-control wpcf7-email wpcf7-validates-as-required wpcf7-text wpcf7-validates-as-email\" aria-required=\"true\" aria-invalid=\"false\" value=\"\" type=\"email\" name=\"your-email\" \/><\/span> <\/label>\n<\/p>\n<p><label> Sobre qu\u00e9 es tu consulta<br \/>\n<span class=\"wpcf7-form-control-wrap\" data-name=\"consulta\"><select class=\"wpcf7-form-control wpcf7-select wpcf7-validates-as-required\" aria-required=\"true\" aria-invalid=\"false\" name=\"consulta\"><option value=\"Cl\u00ednica de Especialidades M\u00e9dicas\">Cl\u00ednica de Especialidades M\u00e9dicas<\/option><option value=\"Cl\u00ednica Dental\">Cl\u00ednica Dental<\/option><option value=\"Cl\u00ednica de Traumatolog\u00eda y Fisioterapia\">Cl\u00ednica de Traumatolog\u00eda y Fisioterapia<\/option><option value=\"Cl\u00ednica de Dermatolog\u00eda y Medicina Est\u00e9tica\">Cl\u00ednica de Dermatolog\u00eda y Medicina Est\u00e9tica<\/option><option value=\"Otra\">Otra<\/option><\/select><\/span> <\/label>\n<\/p>\n<p><label> Mensaje<br \/>\n<span class=\"wpcf7-form-control-wrap\" data-name=\"your-message\"><textarea cols=\"40\" rows=\"10\" maxlength=\"2000\" class=\"wpcf7-form-control wpcf7-textarea\" aria-invalid=\"false\" name=\"your-message\"><\/textarea><\/span> <\/label><br \/>\n<span class=\"wpcf7-form-control-wrap\" data-name=\"acceptance-207\"><span class=\"wpcf7-form-control wpcf7-acceptance\"><span class=\"wpcf7-list-item\"><label><input type=\"checkbox\" name=\"acceptance-207\" value=\"1\" aria-invalid=\"false\" \/><span class=\"wpcf7-list-item-label\">He le\u00eddo y acepto la informaci\u00f3n sobre protecci\u00f3n de datos seg\u00fan el REGLAMENTO (UE) 2016\/679 DEL PARLAMENTO EUROPEO Y DEL CONSEJO de 27 de abril de 2016 relativo a la protecci\u00f3n de las personas f\u00edsicas en lo que respecta al tratamiento de datos personales y a la libre circulaci\u00f3n de estos datos: Sus datos son utilizados para gestionar las consultas que se realizan a trav\u00e9s de nuestra web mediante sus tratamiento como \"Formulario Web\". La base legal para el tratamiento de su datos es su consentimiento a trav\u00e9s de la aceptaci\u00f3n del checkbox. No se ceder\u00e1n datos a terceros, salvo obligaci\u00f3n legal. Podr\u00e1 acceder, rectifcar y suprimir los datos as\u00ed como otros derechos,tal y como se explica en la informaci\u00f3n adicional. La informaci\u00f3n adicional la encontrar\u00e1 en el AVISO LEGAL de nuestra p\u00e1gina web.<\/span><\/label><\/span><\/span><\/span>\n<\/p>\n<p><input class=\"wpcf7-form-control wpcf7-submit has-spinner\" type=\"submit\" value=\"Solicita informaci\u00f3n\" \/>\n<\/p><input type='hidden' class='wpcf7-pum' value='{\"closepopup\":false,\"closedelay\":0,\"openpopup\":false,\"openpopup_id\":0}' \/><div class=\"wpcf7-response-output\" aria-hidden=\"true\"><\/div>\n<\/form>\n<\/div>\n\r\n\r\n\t\t<\/div>\n\t\t\t\t\n<style>\n#col-1800935814 > .col-inner {\n  padding: 30px 15px 30px 15px;\n  margin: -30px 0px 0px 0px;\n}\n@media (min-width:550px) {\n  #col-1800935814 > .col-inner {\n    padding: 30px 30px 30px 30px;\n  }\n}\n<\/style>\n\t<\/div>\n\n\t\r\n\r\n<\/div>\r\n\r\n\t\t<\/div>\n\n\t\t\n<style>\n#section_1774657570 {\n  padding-top: 100px;\n  padding-bottom: 100px;\n}\n<\/style>\n\t<\/section>\n\t\r\n\n","protected":false},"excerpt":{"rendered":"","protected":false},"author":4,"featured_media":0,"parent":0,"menu_order":0,"comment_status":"closed","ping_status":"closed","template":"page-blank.php","meta":{"inline_featured_image":false,"footnotes":""},"class_list":["post-5021","page","type-page","status-publish","hentry"],"_links":{"self":[{"href":"https:\/\/policlinicasanjuan.com\/en\/wp-json\/wp\/v2\/pages\/5021","targetHints":{"allow":["GET"]}}],"collection":[{"href":"https:\/\/policlinicasanjuan.com\/en\/wp-json\/wp\/v2\/pages"}],"about":[{"href":"https:\/\/policlinicasanjuan.com\/en\/wp-json\/wp\/v2\/types\/page"}],"author":[{"embeddable":true,"href":"https:\/\/policlinicasanjuan.com\/en\/wp-json\/wp\/v2\/users\/4"}],"replies":[{"embeddable":true,"href":"https:\/\/policlinicasanjuan.com\/en\/wp-json\/wp\/v2\/comments?post=5021"}],"version-history":[{"count":5,"href":"https:\/\/policlinicasanjuan.com\/en\/wp-json\/wp\/v2\/pages\/5021\/revisions"}],"predecessor-version":[{"id":5026,"href":"https:\/\/policlinicasanjuan.com\/en\/wp-json\/wp\/v2\/pages\/5021\/revisions\/5026"}],"wp:attachment":[{"href":"https:\/\/policlinicasanjuan.com\/en\/wp-json\/wp\/v2\/media?parent=5021"}],"curies":[{"name":"wp","href":"https:\/\/api.w.org\/{rel}","templated":true}]}}