{"id":5034,"date":"2023-02-20T16:59:35","date_gmt":"2023-02-20T15:59:35","guid":{"rendered":"http:\/\/s978368387.mialojamiento.es\/contacto\/"},"modified":"2023-11-08T09:48:38","modified_gmt":"2023-11-08T08:48:38","slug":"contact-us","status":"publish","type":"page","link":"https:\/\/policlinicasanjuan.com\/en\/contact-us\/","title":{"rendered":"Contact Us"},"content":{"rendered":"\n\t<section class=\"section\" id=\"section_29736092\">\n\t\t<div class=\"section-bg fill\" >\n\t\t\t\t\t\t\t\t\t<div class=\"section-bg-overlay absolute fill\"><\/div>\n\t\t\t\n\n\t\t<\/div>\n\n\t\t\n\n\t\t<div class=\"section-content relative\">\n\t\t\t\n<div class=\"row row-large align-middle\"  id=\"row-920034912\">\n\n\t<div id=\"col-15545622\" class=\"col medium-12 small-12 large-6\"  >\n\t\t\t\t<div class=\"col-inner text-left\"  >\n\t\t\t\n\t\t\t\n\t<div class=\"img has-hover x md-x lg-x y md-y lg-y\" id=\"image_433116914\">\n\t\t\t\t\t\t\t\t<div class=\"img-inner dark\" style=\"margin:0px 0px 25px 0px;\">\n\t\t\t<img decoding=\"async\" width=\"1020\" height=\"348\" src=\"https:\/\/policlinicasanjuan.com\/wp-content\/uploads\/2022\/03\/policlinica-san-juan-alhaurin-de-la-torre-1024x349.jpg\" class=\"attachment-large size-large\" alt=\"\" srcset=\"https:\/\/policlinicasanjuan.com\/wp-content\/uploads\/2022\/03\/policlinica-san-juan-alhaurin-de-la-torre-1024x349.jpg 1024w, https:\/\/policlinicasanjuan.com\/wp-content\/uploads\/2022\/03\/policlinica-san-juan-alhaurin-de-la-torre-300x102.jpg 300w, https:\/\/policlinicasanjuan.com\/wp-content\/uploads\/2022\/03\/policlinica-san-juan-alhaurin-de-la-torre-768x262.jpg 768w, https:\/\/policlinicasanjuan.com\/wp-content\/uploads\/2022\/03\/policlinica-san-juan-alhaurin-de-la-torre-1536x524.jpg 1536w, https:\/\/policlinicasanjuan.com\/wp-content\/uploads\/2022\/03\/policlinica-san-juan-alhaurin-de-la-torre.jpg 1905w\" sizes=\"(max-width: 1020px) 100vw, 1020px\" \/>\t\t\t\t\t\t\n\t\t\t\t\t<\/div>\n\t\t\t\t\t\t\t\t\n<style>\n#image_433116914 {\n  width: 100%;\n}\n<\/style>\n\t<\/div>\n\t\n<h2 class=\"uppercase\">Contact Us<\/h2>\n<p>Are you looking for a healthcare center that takes care of your well-being and that of your loved ones in an integrated way? Get to know the 4 private clinics that Grupo San Juan has in Alhaur\u00edn de la Torre (M\u00e1laga) and discover a new way to take care of your health!<\/p>\n\t<div id=\"gap-467773437\" class=\"gap-element clearfix\" style=\"display:block; height:auto;\">\n\t\t\n<style>\n#gap-467773437 {\n  padding-top: 25px;\n}\n@media (min-width:550px) {\n  #gap-467773437 {\n    padding-top: 25px;\n  }\n}\n@media (min-width:850px) {\n  #gap-467773437 {\n    padding-top: 100px;\n  }\n}\n<\/style>\n\t<\/div>\n\t\n<a class=\"button primary\" style=\"padding:5px 25px 5px 25px;\">\n\t\t<span>Contact via WhatsApp<\/span>\n\t<\/a>\n\n\t\t<\/div>\n\t\t\t\t\n<style>\n#col-15545622 > .col-inner {\n  margin: 0px 0px 0px 0px;\n}\n<\/style>\n\t<\/div>\n\n\t\n\n\t<div id=\"col-1279483598\" class=\"col medium-12 small-12 large-6\"  >\n\t\t\t\t<div class=\"col-inner\"  >\n\t\t\t\n\t\t\t\n\n<div class=\"wpcf7 no-js\" id=\"wpcf7-f8-o1\" lang=\"es-ES\" dir=\"ltr\" data-wpcf7-id=\"8\">\n<div class=\"screen-reader-response\"><p role=\"status\" aria-live=\"polite\" aria-atomic=\"true\"><\/p> <ul><\/ul><\/div>\n<form action=\"\/en\/wp-json\/wp\/v2\/pages\/5034#wpcf7-f8-o1\" method=\"post\" class=\"wpcf7-form init\" aria-label=\"Formulario de contacto\" novalidate=\"novalidate\" data-status=\"init\">\n<fieldset class=\"hidden-fields-container\"><input type=\"hidden\" name=\"_wpcf7\" value=\"8\" \/><input type=\"hidden\" name=\"_wpcf7_version\" value=\"6.1.5\" \/><input type=\"hidden\" name=\"_wpcf7_locale\" value=\"es_ES\" \/><input type=\"hidden\" name=\"_wpcf7_unit_tag\" value=\"wpcf7-f8-o1\" \/><input type=\"hidden\" name=\"_wpcf7_container_post\" value=\"0\" \/><input type=\"hidden\" name=\"_wpcf7_posted_data_hash\" value=\"\" \/><input type=\"hidden\" name=\"_wpcf7_recaptcha_response\" value=\"\" \/>\n<\/fieldset>\n<div class=\"grid-2\">\n\t<div>\n\t\t<p><label> Nombre<br \/>\n<span class=\"wpcf7-form-control-wrap\" data-name=\"your-name\"><input size=\"40\" maxlength=\"400\" class=\"wpcf7-form-control wpcf7-text wpcf7-validates-as-required\" aria-required=\"true\" aria-invalid=\"false\" value=\"\" type=\"text\" name=\"your-name\" \/><\/span> <\/label>\n\t\t<\/p>\n\t<\/div>\n\t<div>\n\t\t<p><label> Tel\u00e9fono<br \/>\n<span class=\"wpcf7-form-control-wrap\" data-name=\"tel-402\"><input size=\"40\" maxlength=\"400\" class=\"wpcf7-form-control wpcf7-tel wpcf7-validates-as-required wpcf7-text wpcf7-validates-as-tel\" aria-required=\"true\" aria-invalid=\"false\" value=\"\" type=\"tel\" name=\"tel-402\" \/><\/span> <\/label>\n\t\t<\/p>\n\t<\/div>\n<\/div>\n<p><label> Correo electr\u00f3nico<br \/>\n<span class=\"wpcf7-form-control-wrap\" data-name=\"your-email\"><input size=\"40\" maxlength=\"400\" class=\"wpcf7-form-control wpcf7-email wpcf7-validates-as-required wpcf7-text wpcf7-validates-as-email\" aria-required=\"true\" aria-invalid=\"false\" value=\"\" type=\"email\" name=\"your-email\" \/><\/span> <\/label>\n<\/p>\n<p><label> Sobre qu\u00e9 es tu consulta<br \/>\n<span class=\"wpcf7-form-control-wrap\" data-name=\"consulta\"><select class=\"wpcf7-form-control wpcf7-select wpcf7-validates-as-required\" aria-required=\"true\" aria-invalid=\"false\" name=\"consulta\"><option value=\"Cl\u00ednica de Especialidades M\u00e9dicas\">Cl\u00ednica de Especialidades M\u00e9dicas<\/option><option value=\"Cl\u00ednica Dental\">Cl\u00ednica Dental<\/option><option value=\"Cl\u00ednica de Traumatolog\u00eda y Fisioterapia\">Cl\u00ednica de Traumatolog\u00eda y Fisioterapia<\/option><option value=\"Cl\u00ednica de Dermatolog\u00eda y Medicina Est\u00e9tica\">Cl\u00ednica de Dermatolog\u00eda y Medicina Est\u00e9tica<\/option><option value=\"Otra\">Otra<\/option><\/select><\/span> <\/label>\n<\/p>\n<p><label> Mensaje<br \/>\n<span class=\"wpcf7-form-control-wrap\" data-name=\"your-message\"><textarea cols=\"40\" rows=\"10\" maxlength=\"2000\" class=\"wpcf7-form-control wpcf7-textarea\" aria-invalid=\"false\" name=\"your-message\"><\/textarea><\/span> <\/label><br \/>\n<span class=\"wpcf7-form-control-wrap\" data-name=\"acceptance-207\"><span class=\"wpcf7-form-control wpcf7-acceptance\"><span class=\"wpcf7-list-item\"><label><input type=\"checkbox\" name=\"acceptance-207\" value=\"1\" aria-invalid=\"false\" \/><span class=\"wpcf7-list-item-label\">He le\u00eddo y acepto la informaci\u00f3n sobre protecci\u00f3n de datos seg\u00fan el REGLAMENTO (UE) 2016\/679 DEL PARLAMENTO EUROPEO Y DEL CONSEJO de 27 de abril de 2016 relativo a la protecci\u00f3n de las personas f\u00edsicas en lo que respecta al tratamiento de datos personales y a la libre circulaci\u00f3n de estos datos: Sus datos son utilizados para gestionar las consultas que se realizan a trav\u00e9s de nuestra web mediante sus tratamiento como \"Formulario Web\". La base legal para el tratamiento de su datos es su consentimiento a trav\u00e9s de la aceptaci\u00f3n del checkbox. No se ceder\u00e1n datos a terceros, salvo obligaci\u00f3n legal. Podr\u00e1 acceder, rectifcar y suprimir los datos as\u00ed como otros derechos,tal y como se explica en la informaci\u00f3n adicional. La informaci\u00f3n adicional la encontrar\u00e1 en el AVISO LEGAL de nuestra p\u00e1gina web.<\/span><\/label><\/span><\/span><\/span>\n<\/p>\n<p><input class=\"wpcf7-form-control wpcf7-submit has-spinner\" type=\"submit\" value=\"Solicita informaci\u00f3n\" \/>\n<\/p><input type='hidden' class='wpcf7-pum' value='{\"closepopup\":false,\"closedelay\":0,\"openpopup\":false,\"openpopup_id\":0}' \/><div class=\"wpcf7-response-output\" aria-hidden=\"true\"><\/div>\n<\/form>\n<\/div>\n\n\t<div class=\"img has-hover x md-x lg-x y md-y lg-y\" id=\"image_1398857199\">\n\t\t\t\t\t\t\t\t<div class=\"img-inner box-shadow-2 dark\" >\n\t\t\t\t\t\t\t\t\t\n\t\t\t\t\t<\/div>\n\t\t\t\t\t\t\t\t\n<style>\n#image_1398857199 {\n  width: 100%;\n}\n<\/style>\n\t<\/div>\n\t\n\t\t<\/div>\n\t\t\t\t\n<style>\n#col-1279483598 > .col-inner {\n  padding: 0px 0px 0px 0px;\n  margin: 0px 0px 0px 0px;\n}\n<\/style>\n\t<\/div>\n\n\t\n<\/div>\n\t\t<\/div>\n\n\t\t\n<style>\n#section_29736092 {\n  padding-top: 0px;\n  padding-bottom: 0px;\n  background-color: rgb(255, 255, 255);\n}\n#section_29736092 .section-bg-overlay {\n  background-color: rgba(255, 255, 255, 0.85);\n}\n@media (min-width:850px) {\n  #section_29736092 {\n    padding-top: 30px;\n    padding-bottom: 30px;\n  }\n}\n<\/style>\n\t<\/section>\n\t\n\n\t<section class=\"section\" id=\"section_518834671\">\n\t\t<div class=\"section-bg fill\" >\n\t\t\t\t\t\t\t\t\t\n\t\t\t\n\n\t\t<\/div>\n\n\t\t\n\n\t\t<div class=\"section-content relative\">\n\t\t\t\n<div class=\"row row-large align-center row-divided\"  id=\"row-706821826\">\n\n\t<div id=\"col-1463121949\" class=\"col medium-3 small-12 large-4\"  >\n\t\t\t\t<div class=\"col-inner\"  >\n\t\t\t\n\t\t\t\n\n\t\t<div class=\"icon-box featured-box icon-box-center text-center\"  style=\"margin:0px 0px 0px 0px;\">\n\t\t\t\t\t<div class=\"icon-box-img has-icon-bg\" style=\"width: 60px\">\n\t\t\t\t<div class=\"icon\">\n\t\t\t\t\t<div class=\"icon-inner\" style=\"border-width:2px;\">\n\t\t\t\t\t\t<?xml version=\"1.0\" encoding=\"UTF-8\"?>\n<!-- Generator: Adobe Illustrator 27.2.0, SVG Export Plug-In . SVG Version: 6.00 Build 0)  -->\n<svg xmlns:x=\"&ns_extend;\" xmlns:i=\"&ns_ai;\" xmlns:graph=\"&ns_graphs;\" xmlns=\"http:\/\/www.w3.org\/2000\/svg\" xmlns:xlink=\"http:\/\/www.w3.org\/1999\/xlink\" version=\"1.1\" id=\"Capa_1\" x=\"0px\" y=\"0px\" width=\"86.6px\" height=\"86.6px\" viewBox=\"0 0 86.6 86.6\" style=\"enable-background:new 0 0 86.6 86.6;\" xml:space=\"preserve\">\n<style type=\"text\/css\">\n\t.st0{fill:#FFFFFF;}\n<\/style>\n<metadata><?xpacket begin=\"\ufeff\" id=\"W5M0MpCehiHzreSzNTczkc9d\"?>\n\n                                                                                                    \n                                                                                                    \n                                                                                                    \n                                                                                                    \n                                                                                                    \n                                                                                                    \n                                                                                                    \n                                                                                                    \n                                                                                                    \n                                                                                                    \n                                                                                                    \n                                                                                                    \n                                                                                                    \n                                                                                                    \n                                                                                                    \n                                                                                                    \n                                                                                                    \n                                                                                                    \n                                                                                                    \n                                                                                                    \n                           \n<?xpacket end=\"w\"?>\n\t<\/metadata>\n<switch>\n\t\n\t<g i:extraneous=\"self\">\n\t\t<g>\n\t\t\t<path class=\"st0\" d=\"M78.3,33.9c-0.1-0.6-0.2-1.5-0.4-2.3c-3.6-12.6-11.7-20.4-24.7-23c-1.5-0.3-2.9,0.7-3.2,2.1     c-0.3,1.5,0.8,2.9,2.3,3.1c0.7,0.1,1.4,0.2,2.1,0.4C64,16.6,71.5,24.9,73,34.6c0.2,1.5,1.4,2.5,2.9,2.4     C77.2,36.9,78.3,35.7,78.3,33.9z M50.6,19.6c-1.7,0-2.8,0.9-3.1,2.3c-0.2,1.3,0.7,2.6,2.1,2.9c0.4,0.1,0.8,0.1,1.1,0.2     c6.2,1.9,10.2,6,11.6,12.4c0.3,1.3,1.2,2.2,2.5,2.3c1.2,0.1,2.4-0.7,2.7-2c0.1-0.7,0.1-1.5-0.1-2.2c-1.7-6.5-5.6-11.3-11.6-14.3     C54,20.4,52.2,19.8,50.6,19.6z\"><\/path>\n\t\t\t<path d=\"M0.6,22.1c0.3-1.5,0.5-3,0.9-4.5C2.9,12,5.4,7,9.9,3.2c3.8-3.3,9-3.2,12.6,0.4c4,4,7.9,7.9,11.9,11.9     c3.7,3.7,3.8,9.2,0.1,13c-1.4,1.5-2.9,2.9-4.3,4.3c-0.4,0.4-0.4,0.6-0.2,1.1c5.4,10,13,17.6,23,23c0.5,0.3,0.8,0.2,1.1-0.2     c1.3-1.3,2.7-2.6,3.9-4c3.7-4,9.8-4.1,13.7,0c3.7,3.9,7.4,7.6,11.3,11.3c3.8,3.6,3.7,8.7,0.9,12.7c-3.8,5.3-9,8.2-15.4,8.9     c-4.4,0.5-8.6-0.3-12.7-1.5c-8.9-2.5-16.8-7-23.9-12.8c-9.7-7.9-18.2-16.9-25-27.4C4,39.5,2,34.8,1.1,29.7     c-0.1-0.8-0.3-1.7-0.4-2.5C0.6,25.5,0.6,23.8,0.6,22.1z M5.9,24.9c0.1,1.1,0.2,2.6,0.5,4c0.8,4.6,2.8,8.8,5.4,12.7     C18.6,52,27,60.8,36.7,68.4c6.3,5,13.3,8.8,21.2,10.9c4,1,8,1.7,12.2,0.8c4.2-0.9,7.4-3.2,9.7-6.7c1.1-1.7,1.3-3.7-0.6-5.5     c-3.9-3.7-7.6-7.6-11.4-11.4c-1.8-1.8-4-1.8-5.8,0c-1.7,1.6-3.3,3.3-4.9,4.9c-1.6,1.6-3.5,1.9-5.5,0.8c-4.7-2.5-9.2-5.4-13.2-9     C32.6,48,28.2,42,24.6,35.2c-1-1.9-0.6-3.7,0.8-5.2c0.5-0.5,1-1,1.5-1.5c1.2-1.2,2.5-2.4,3.6-3.7c1.6-1.6,1.7-3.8,0.2-5.3     c-4.1-4.2-8.2-8.3-12.4-12.4c-1.3-1.3-3.3-1.3-4.8-0.2c-0.7,0.6-1.4,1.2-2,1.9C7.7,13.3,6.2,18.7,5.9,24.9z\"><\/path>\n\t\t\t<path d=\"M78.3,33.9c0,1.8-1,3-2.4,3.1c-1.5,0.1-2.7-0.9-2.9-2.4c-1.5-9.7-9-18-18.6-20.4c-0.7-0.2-1.4-0.3-2.1-0.4     c-1.5-0.3-2.6-1.6-2.3-3.1c0.3-1.4,1.7-2.4,3.2-2.1c13,2.6,21.1,10.4,24.7,23C78.1,32.4,78.2,33.3,78.3,33.9z\"><\/path>\n\t\t\t<path d=\"M50.6,19.6c1.7,0.2,3.5,0.8,5.2,1.6c6,3,9.9,7.7,11.6,14.3c0.2,0.7,0.2,1.5,0.1,2.2c-0.2,1.3-1.4,2.1-2.7,2     c-1.3-0.1-2.2-1-2.5-2.3c-1.4-6.4-5.4-10.5-11.6-12.4c-0.4-0.1-0.8-0.1-1.1-0.2c-1.3-0.4-2.2-1.6-2.1-2.9     C47.7,20.5,48.9,19.6,50.6,19.6z\"><\/path>\n\t\t<\/g>\n\t<\/g>\n<\/switch>\n\n<\/svg>\n\t\t\t\t\t<\/div>\n\t\t\t\t<\/div>\n\t\t\t<\/div>\n\t\t\t\t<div class=\"icon-box-text last-reset\">\n\t\t\t<h5 class=\"uppercase\">CALL US<\/h5>\t\t\t\t\t\t\n\t<div id=\"text-1670859864\" class=\"text\">\n\t\t\n<p>+34 608 714 023<\/p>\n\t\t\n<style>\n#text-1670859864 {\n  font-size: 0.9rem;\n}\n<\/style>\n\t<\/div>\n\t\n\t\t<\/div>\n\t<\/div>\n\t\n\t\n\t\t<\/div>\n\t\t\t\t\t<\/div>\n\n\t\n\n\t<div id=\"col-1782209712\" class=\"col medium-4 small-12 large-4\"  >\n\t\t\t\t<div class=\"col-inner\"  >\n\t\t\t\n\t\t\t\n\n\t\t<div class=\"icon-box featured-box icon-box-center text-center\"  style=\"margin:0px 0px 0px 0px;\">\n\t\t\t\t\t<div class=\"icon-box-img has-icon-bg\" style=\"width: 60px\">\n\t\t\t\t<div class=\"icon\">\n\t\t\t\t\t<div class=\"icon-inner\" style=\"border-width:2px;\">\n\t\t\t\t\t\t<?xml version=\"1.0\" encoding=\"UTF-8\"?>\n<!-- Generator: Adobe Illustrator 27.2.0, SVG Export Plug-In . SVG Version: 6.00 Build 0)  -->\n<svg xmlns:x=\"&ns_extend;\" xmlns:i=\"&ns_ai;\" xmlns:graph=\"&ns_graphs;\" xmlns=\"http:\/\/www.w3.org\/2000\/svg\" xmlns:xlink=\"http:\/\/www.w3.org\/1999\/xlink\" version=\"1.1\" id=\"Capa_1\" x=\"0px\" y=\"0px\" width=\"123.6px\" height=\"87.1px\" viewBox=\"0 0 123.6 87.1\" style=\"enable-background:new 0 0 123.6 87.1;\" xml:space=\"preserve\">\n<metadata><?xpacket begin=\"\ufeff\" id=\"W5M0MpCehiHzreSzNTczkc9d\"?>\n\n                                                                                                    \n                                                                                                    \n                                                                                                    \n                                                                                                    \n                                                                                                    \n                                                                                                    \n                                                                                                    \n                                                                                                    \n                                                                                                    \n                                                                                                    \n                                                                                                    \n                                                                                                    \n                                                                                                    \n                                                                                                    \n                                                                                                    \n                                                                                                    \n                                                                                                    \n                                                                                                    \n                                                                                                    \n                                                                                                    \n                           \n<?xpacket end=\"w\"?>\n\t<\/metadata>\n<switch>\n\t\n\t<g i:extraneous=\"self\">\n\t\t<g>\n\t\t\t<path d=\"M0,9.2c0.6-2.4,1.6-4.6,3.5-6.3C5.6,1,8,0,10.7,0c34,0,68.1,0,102.1,0c5.9,0,10.8,4.8,10.8,10.8c0,21.9,0,43.7,0,65.6     c0,5.9-4.8,10.8-10.8,10.8c-34,0-68.1,0-102.1,0c-4.9,0-9.2-3.4-10.5-8.3c-0.1-0.3-0.2-0.6-0.3-0.9C0,55,0,32.1,0,9.2z M12.7,7.3     c0.4,0.4,0.6,0.7,0.9,1c15,15,29.9,30.1,44.9,45.1c2.1,2.1,4.5,2.1,6.5,0c15-15.1,30-30.1,45-45.2c0.3-0.3,0.5-0.6,0.8-0.9     C78.1,7.3,45.5,7.3,12.7,7.3z M12.7,79.8c32.9,0,65.5,0,98.3,0c-10.4-10.3-20.7-20.5-31.2-30.9c-0.1,0.2-0.3,0.6-0.6,0.9     c-3,3.1-6.1,6.1-9.1,9.2c-3.1,3.1-6.8,4-11.1,3c-2.2-0.5-4-1.7-5.5-3.3c-3.3-3.3-6.5-6.5-9.7-9.6C33.4,59.2,23.1,69.4,12.7,79.8z      M7.3,74.1c10.2-10.1,20.5-20.3,31-30.7c-10.3-10.3-20.7-20.5-31-30.7C7.3,33.2,7.3,53.9,7.3,74.1z M116.3,74.3     c0-20.4,0-41.1,0-61.3c-10.1,10-20.5,20.3-30.9,30.6C95.7,53.9,106,64.2,116.3,74.3z\"><\/path>\n\t\t<\/g>\n\t<\/g>\n<\/switch>\n\n<\/svg>\n\t\t\t\t\t<\/div>\n\t\t\t\t<\/div>\n\t\t\t<\/div>\n\t\t\t\t<div class=\"icon-box-text last-reset\">\n\t\t\t<h5 class=\"uppercase\">EMAIL US<\/h5>\t\t\t\t\t\t\n\t<div id=\"text-1234168635\" class=\"text\">\n\t\t\n<p>INFO@POLICLINICASANJUAN.COM<\/p>\n\t\t\n<style>\n#text-1234168635 {\n  font-size: 0.9rem;\n}\n<\/style>\n\t<\/div>\n\t\n\t\t<\/div>\n\t<\/div>\n\t\n\t\n\t\t<\/div>\n\t\t\t\t\t<\/div>\n\n\t\n\n\t<div id=\"col-17752039\" class=\"col medium-5 small-12 large-4\"  >\n\t\t\t\t<div class=\"col-inner\"  >\n\t\t\t\n\t\t\t\n\n\t\t<div class=\"icon-box featured-box icon-box-center text-center\"  style=\"margin:0px 0px 0px 0px;\">\n\t\t\t\t\t<div class=\"icon-box-img has-icon-bg\" style=\"width: 60px\">\n\t\t\t\t<div class=\"icon\">\n\t\t\t\t\t<div class=\"icon-inner\" style=\"border-width:2px;\">\n\t\t\t\t\t\t<?xml version=\"1.0\" encoding=\"UTF-8\"?>\n<!-- Generator: Adobe Illustrator 27.2.0, SVG Export Plug-In . SVG Version: 6.00 Build 0)  -->\n<svg xmlns:x=\"&ns_extend;\" xmlns:i=\"&ns_ai;\" xmlns:graph=\"&ns_graphs;\" xmlns=\"http:\/\/www.w3.org\/2000\/svg\" xmlns:xlink=\"http:\/\/www.w3.org\/1999\/xlink\" version=\"1.1\" id=\"Capa_1\" x=\"0px\" y=\"0px\" width=\"86.6px\" height=\"86.6px\" viewBox=\"0 0 86.6 86.6\" style=\"enable-background:new 0 0 86.6 86.6;\" xml:space=\"preserve\">\n<metadata><?xpacket begin=\"\ufeff\" id=\"W5M0MpCehiHzreSzNTczkc9d\"?>\n\n                                                                                                    \n                                                                                                    \n                                                                                                    \n                                                                                                    \n                                                                                                    \n                                                                                                    \n                                                                                                    \n                                                                                                    \n                                                                                                    \n                                                                                                    \n                                                                                                    \n                                                                                                    \n                                                                                                    \n                                                                                                    \n                                                                                                    \n                                                                                                    \n                                                                                                    \n                                                                                                    \n                                                                                                    \n                                                                                                    \n                           \n<?xpacket end=\"w\"?>\n\t<\/metadata>\n<switch>\n\t\n\t<g i:extraneous=\"self\">\n\t\t<g>\n\t\t\t<path d=\"M84.7,86.6c-27.6,0-55.2,0-82.9,0c-0.9-0.4-1.5-1-1.9-1.9c0-0.5,0-0.9,0-1.4c0.2-0.5,0.5-1,0.7-1.5     c4.8-11.3,9.7-22.6,14.5-33.9c0.6-1.4,1.5-2.2,3.2-2.1c2.7,0.1,5.5,0,8.2,0c0.3,0,0.5,0,0.9,0c-0.2-0.4-0.3-0.6-0.5-0.9     c-1.2-2.5-2.6-5.1-3.7-7.6C20.4,30.7,19.4,24,21.3,17c2.2-8.1,7.2-13.5,15.2-16.1C38,0.5,39.5,0.3,40.9,0c1.5,0,3,0,4.6,0     c0.2,0.1,0.4,0.1,0.5,0.2c6,0.8,11.1,3.3,14.8,8.2c5.3,6.9,6.5,14.7,4.5,23c-1.1,4.7-3.2,9-5.5,13.2c-0.2,0.4-0.4,0.8-0.7,1.3     c3.1,0,6.1,0,9.1,0c1.6,0,2.5,0.7,3.2,2.1c3.2,7.5,6.4,15,9.6,22.5c1.8,4.3,3.7,8.6,5.6,12.9c0,0.5,0,0.9,0,1.4     C86.2,85.6,85.6,86.2,84.7,86.6z M43.3,59.7c1.9-2.5,3.6-4.8,5.3-7.2c4-5.7,7.7-11.5,10.3-18c2.1-5.1,2.8-10.4,1.5-15.8     C57.2,5.9,43.6,2,34.1,7.6c-5.9,3.5-8.1,9.1-8.6,15.7c-0.3,4.4,0.9,8.5,2.6,12.5c2.7,6.3,6.4,12,10.3,17.6     C40,55.4,41.6,57.5,43.3,59.7z M74.6,68.5c-2.5-5.8-4.9-11.5-7.4-17.1c-0.1-0.2-0.6-0.4-0.9-0.4c-3.1,0-6.3,0-9.4,0     c-0.7,0-1.1,0.2-1.5,0.8c-3.3,4.5-6.6,8.9-10,13.3c-1.3,1.7-3,1.6-4.3,0c-1.1-1.3-2.1-2.6-3.2-3.8c-3,1.6-6,3.1-9.1,4.7     c0.3,0.3,0.5,0.5,0.6,0.7c4,4,7.9,7.9,11.9,11.9c1,1,1.8,2.4,3,2.9c1.2,0.5,2.8,0.2,4.3,0.1c0.6,0,1.3-0.2,1.8-0.5     c4.7-2.4,9.4-4.9,14.1-7.3C67.9,72,71.2,70.3,74.6,68.5z M37,81.5c-0.2-0.2-0.2-0.3-0.3-0.4c-4.1-4.1-8.2-8.2-12.2-12.3     c-0.4-0.4-0.7-0.3-1.1-0.1c-3.7,1.9-7.5,3.8-11.2,5.7c-1.1,0.6-2.5,1-3.4,1.9c-0.8,0.9-1.1,2.3-1.6,3.5c-0.2,0.5-0.5,1.1-0.7,1.7     C16.7,81.5,26.8,81.5,37,81.5z M12,68.5c0,0.1,0.1,0.1,0.1,0.2c7.5-3.9,15.1-7.7,22.7-11.6c-0.2-0.3-0.3-0.5-0.5-0.7     c-1.1-1.6-2.2-3.2-3.3-4.8c-0.3-0.5-0.7-0.6-1.2-0.6c-2.8,0-5.7,0.1-8.5,0c-1.4-0.1-2,0.4-2.5,1.7C16.6,57.9,14.3,63.2,12,68.5z      M80.1,81.5c-1.2-2.8-2.3-5.4-3.5-8.2c-5.2,2.7-10.4,5.4-15.5,8.1c0,0,0,0.1,0,0.1C67.4,81.5,73.7,81.5,80.1,81.5z\"><\/path>\n\t\t\t<path d=\"M50.9,22.9c0,4.2-3.4,7.6-7.6,7.7c-4.2,0-7.7-3.4-7.7-7.7c0-4.2,3.4-7.6,7.6-7.7C47.5,15.2,50.9,18.7,50.9,22.9z      M43.3,25.4c1.4,0,2.5-1.1,2.6-2.5c0-1.4-1.1-2.5-2.5-2.5c-1.4,0-2.5,1.1-2.6,2.5C40.7,24.3,41.9,25.4,43.3,25.4z\"><\/path>\n\t\t<\/g>\n\t<\/g>\n<\/switch>\n\n<\/svg>\n\t\t\t\t\t<\/div>\n\t\t\t\t<\/div>\n\t\t\t<\/div>\n\t\t\t\t<div class=\"icon-box-text last-reset\">\n\t\t\t<h5 class=\"uppercase\">Visit Us<\/h5>\t\t\t\t\t\t\n\t<div id=\"text-1491172760\" class=\"text\">\n\t\t\n<p>Av. del Mediterr\u00e1neo, 20<br \/> 29130 Alhaur\u00edn de la Torre, M\u00e1laga<\/p>\n\t\t\n<style>\n#text-1491172760 {\n  font-size: 0.9rem;\n}\n<\/style>\n\t<\/div>\n\t\n\t\t<\/div>\n\t<\/div>\n\t\n\t\n\t\t<\/div>\n\t\t\t\t\n<style>\n#col-17752039 > .col-inner {\n  padding: 0px 0px 0px 0px;\n  margin: 0px 0px 0px 0px;\n}\n<\/style>\n\t<\/div>\n\n\t\n<\/div>\n\t\t<\/div>\n\n\t\t\n<style>\n#section_518834671 {\n  padding-top: 0px;\n  padding-bottom: 0px;\n  background-color: rgb(255, 255, 255);\n}\n@media (min-width:550px) {\n  #section_518834671 {\n    padding-top: 0px;\n    padding-bottom: 0px;\n  }\n}\n@media (min-width:850px) {\n  #section_518834671 {\n    padding-top: 30px;\n    padding-bottom: 30px;\n  }\n}\n<\/style>\n\t<\/section>\n\t\n\n<p><iframe src=\"https:\/\/www.google.com\/maps\/embed?pb=!1m18!1m12!1m3!1d204689.72794587933!2d-4.707680478145195!3d36.71590814254784!2m3!1f0!2f0!3f0!3m2!1i1024!2i768!4f13.1!3m3!1m2!1s0xd72fad300c575a9%3A0xa2f42515bfe5bdfb!2sPolicl%C3%ADnica%20San%20Juan%20-%20Alhaur%C3%ADn%20de%20la%20Torre!5e0!3m2!1ses!2ses!4v1676909296579!5m2!1ses!2ses\" width=\"1920\" height=\"400\" style=\"border:0;\" allowfullscreen=\"\" loading=\"lazy\" referrerpolicy=\"no-referrer-when-downgrade\"><\/iframe><br \/>\n\n","protected":false},"excerpt":{"rendered":"","protected":false},"author":5,"featured_media":0,"parent":0,"menu_order":0,"comment_status":"closed","ping_status":"closed","template":"page-blank.php","meta":{"inline_featured_image":false,"footnotes":""},"class_list":["post-5034","page","type-page","status-publish","hentry"],"_links":{"self":[{"href":"https:\/\/policlinicasanjuan.com\/en\/wp-json\/wp\/v2\/pages\/5034","targetHints":{"allow":["GET"]}}],"collection":[{"href":"https:\/\/policlinicasanjuan.com\/en\/wp-json\/wp\/v2\/pages"}],"about":[{"href":"https:\/\/policlinicasanjuan.com\/en\/wp-json\/wp\/v2\/types\/page"}],"author":[{"embeddable":true,"href":"https:\/\/policlinicasanjuan.com\/en\/wp-json\/wp\/v2\/users\/5"}],"replies":[{"embeddable":true,"href":"https:\/\/policlinicasanjuan.com\/en\/wp-json\/wp\/v2\/comments?post=5034"}],"version-history":[{"count":3,"href":"https:\/\/policlinicasanjuan.com\/en\/wp-json\/wp\/v2\/pages\/5034\/revisions"}],"predecessor-version":[{"id":5133,"href":"https:\/\/policlinicasanjuan.com\/en\/wp-json\/wp\/v2\/pages\/5034\/revisions\/5133"}],"wp:attachment":[{"href":"https:\/\/policlinicasanjuan.com\/en\/wp-json\/wp\/v2\/media?parent=5034"}],"curies":[{"name":"wp","href":"https:\/\/api.w.org\/{rel}","templated":true}]}}